{"id":588,"date":"2025-03-19T02:58:12","date_gmt":"2025-03-19T02:58:12","guid":{"rendered":"https:\/\/zolnay.anagadev.com\/?page_id=588"},"modified":"2025-03-19T06:38:07","modified_gmt":"2025-03-19T06:38:07","slug":"contact","status":"publish","type":"page","link":"https:\/\/zolnay.anagadev.com\/hu\/contact\/","title":{"rendered":"Kapcsolat"},"content":{"rendered":"<div data-elementor-type=\"wp-page\" data-elementor-id=\"588\" class=\"elementor elementor-588\" data-elementor-post-type=\"page\">\n\t\t\t\t<div class=\"elementor-element elementor-element-e69387e e-flex e-con-boxed e-con e-parent\" data-id=\"e69387e\" data-element_type=\"container\" data-e-type=\"container\">\n\t\t\t\t\t<div class=\"e-con-inner\">\n\t\t<div class=\"elementor-element elementor-element-b549d33 e-con-full e-flex e-con e-child\" data-id=\"b549d33\" data-element_type=\"container\" data-e-type=\"container\">\n\t\t\t\t<div class=\"elementor-element elementor-element-4ecf43b elementor-invisible elementor-widget elementor-widget-heading\" data-id=\"4ecf43b\" data-element_type=\"widget\" data-e-type=\"widget\" data-settings=\"{&quot;_animation&quot;:&quot;fadeInUp&quot;,&quot;_animation_delay&quot;:&quot;300&quot;}\" data-widget_type=\"heading.default\">\n\t\t\t\t<div class=\"elementor-widget-container\">\n\t\t\t\t\t<h3 class=\"elementor-heading-title elementor-size-default\">Kapcsolat<\/h3>\t\t\t\t<\/div>\n\t\t\t\t<\/div>\n\t\t\t\t<div class=\"elementor-element elementor-element-21212ba elementor-invisible elementor-widget elementor-widget-heading\" data-id=\"21212ba\" data-element_type=\"widget\" data-e-type=\"widget\" data-settings=\"{&quot;_animation&quot;:&quot;fadeInUp&quot;,&quot;_animation_delay&quot;:&quot;300&quot;}\" data-widget_type=\"heading.default\">\n\t\t\t\t<div class=\"elementor-widget-container\">\n\t\t\t\t\t<h2 class=\"elementor-heading-title elementor-size-default\">Kezdd itt<\/h2>\t\t\t\t<\/div>\n\t\t\t\t<\/div>\n\t\t\t\t<div class=\"elementor-element elementor-element-b2dbe33 elementor-widget__width-initial elementor-invisible elementor-widget elementor-widget-text-editor\" data-id=\"b2dbe33\" data-element_type=\"widget\" data-e-type=\"widget\" data-settings=\"{&quot;_animation&quot;:&quot;fadeInUp&quot;,&quot;_animation_delay&quot;:&quot;300&quot;}\" data-widget_type=\"text-editor.default\">\n\t\t\t\t<div class=\"elementor-widget-container\">\n\t\t\t\t\t\t\t\t\t<p class=\"p1\">K\u00f6vesse ezeket a kulcsfontoss\u00e1g\u00fa l\u00e9p\u00e9seket a siker fel\u00e9 vezet\u0151 \u00fat megnyit\u00e1s\u00e1hoz \u2013 ahol a strat\u00e9gia, a k\u00f6vetkezetess\u00e9g \u00e9s a v\u00e9grehajt\u00e1s minden v\u00e1ltoz\u00e1st jelent. Ha b\u00e1rmilyen k\u00e9rd\u00e9se van, vagy szak\u00e9rt\u0151i \u00fatmutat\u00e1sra van sz\u00fcks\u00e9ge, ne habozzon kapcsolatba l\u00e9pni. Vegye fel vel\u00fcnk a kapcsolatot m\u00e9g ma, \u00e9s kezdj\u00fck el k\u00f6z\u00f6sen \u00e9p\u00edteni siker\u00e9t!<\/p>\t\t\t\t\t\t\t\t<\/div>\n\t\t\t\t<\/div>\n\t\t<div class=\"elementor-element elementor-element-c132251 e-con-full e-flex e-con e-child\" data-id=\"c132251\" data-element_type=\"container\" data-e-type=\"container\">\n\t\t\t\t<div class=\"elementor-element elementor-element-189ed64 elementor-button-align-stretch elementor-invisible elementor-widget elementor-widget-form\" data-id=\"189ed64\" data-element_type=\"widget\" data-e-type=\"widget\" data-settings=\"{&quot;_animation&quot;:&quot;fadeInUp&quot;,&quot;_animation_delay&quot;:&quot;300&quot;,&quot;step_next_label&quot;:&quot;Next&quot;,&quot;step_previous_label&quot;:&quot;Previous&quot;,&quot;button_width&quot;:&quot;100&quot;,&quot;step_type&quot;:&quot;number_text&quot;,&quot;step_icon_shape&quot;:&quot;circle&quot;}\" data-widget_type=\"form.default\">\n\t\t\t\t<div class=\"elementor-widget-container\">\n\t\t\t\t\t\t\t<form class=\"elementor-form\" method=\"post\" name=\"Contact\" action=\"\">\n\t\t\t<input type=\"hidden\" name=\"post_id\" value=\"588\"\/>\n\t\t\t<input type=\"hidden\" name=\"form_id\" value=\"189ed64\"\/>\n\t\t\t<input type=\"hidden\" name=\"referer_title\" value=\"zolnay.anagadev.com\" \/>\n\n\t\t\t\n\t\t\t<div class=\"elementor-form-fields-wrapper elementor-labels-above\">\n\t\t\t\t\t\t\t\t<div class=\"elementor-field-type-text elementor-field-group elementor-column elementor-field-group-name elementor-col-50 elementor-field-required\">\n\t\t\t\t\t\t\t\t\t\t\t\t<label for=\"form-field-name\" class=\"elementor-field-label\">\n\t\t\t\t\t\t\t\tKeresztn\u00e9v\t\t\t\t\t\t\t<\/label>\n\t\t\t\t\t\t\t\t\t\t\t\t\t\t<input size=\"1\" type=\"text\" name=\"form_fields[name]\" id=\"form-field-name\" class=\"elementor-field elementor-size-md  elementor-field-textual\" required=\"required\">\n\t\t\t\t\t\t\t\t\t\t\t<\/div>\n\t\t\t\t\t\t\t\t<div class=\"elementor-field-type-text elementor-field-group elementor-column elementor-field-group-field_d4b2116 elementor-col-50 elementor-field-required\">\n\t\t\t\t\t\t\t\t\t\t\t\t<label for=\"form-field-field_d4b2116\" class=\"elementor-field-label\">\n\t\t\t\t\t\t\t\tVezet\u00e9kn\u00e9v\t\t\t\t\t\t\t<\/label>\n\t\t\t\t\t\t\t\t\t\t\t\t\t\t<input size=\"1\" type=\"text\" name=\"form_fields[field_d4b2116]\" id=\"form-field-field_d4b2116\" class=\"elementor-field elementor-size-md  elementor-field-textual\" required=\"required\">\n\t\t\t\t\t\t\t\t\t\t\t<\/div>\n\t\t\t\t\t\t\t\t<div class=\"elementor-field-type-email elementor-field-group elementor-column elementor-field-group-email elementor-col-50 elementor-field-required\">\n\t\t\t\t\t\t\t\t\t\t\t\t<label for=\"form-field-email\" class=\"elementor-field-label\">\n\t\t\t\t\t\t\t\tE-mail\t\t\t\t\t\t\t<\/label>\n\t\t\t\t\t\t\t\t\t\t\t\t\t\t<input size=\"1\" type=\"email\" name=\"form_fields[email]\" id=\"form-field-email\" class=\"elementor-field elementor-size-md  elementor-field-textual\" required=\"required\">\n\t\t\t\t\t\t\t\t\t\t\t<\/div>\n\t\t\t\t\t\t\t\t<div class=\"elementor-field-type-tel elementor-field-group elementor-column elementor-field-group-field_3e66ef2 elementor-col-50 elementor-field-required\">\n\t\t\t\t\t\t\t\t\t\t\t\t<label for=\"form-field-field_3e66ef2\" class=\"elementor-field-label\">\n\t\t\t\t\t\t\t\tTelefonsz\u00e1m\t\t\t\t\t\t\t<\/label>\n\t\t\t\t\t\t\t\t<input size=\"1\" type=\"tel\" name=\"form_fields[field_3e66ef2]\" id=\"form-field-field_3e66ef2\" class=\"elementor-field elementor-size-md  elementor-field-textual\" required=\"required\" pattern=\"[0-9()#&amp;+*-=.]+\" title=\"Csak a sz\u00e1mok, majd a telefon karakter (#, -, *, stb.) elfogadta.\">\n\n\t\t\t\t\t\t<\/div>\n\t\t\t\t\t\t\t\t<div class=\"elementor-field-type-select elementor-field-group elementor-column elementor-field-group-field_435444d elementor-col-100\">\n\t\t\t\t\t\t\t\t\t\t\t\t<label for=\"form-field-field_435444d\" class=\"elementor-field-label\">\n\t\t\t\t\t\t\t\tV\u00e1lassza ki a\t\t\t\t\t\t\t<\/label>\n\t\t\t\t\t\t\t\t<div class=\"elementor-field elementor-select-wrapper remove-before\">\n\t\t\t<div class=\"select-caret-down-wrapper\">\n\t\t\t\t<svg aria-hidden=\"true\" class=\"e-font-icon-svg e-eicon-caret-down\" viewbox=\"0 0 571.4 571.4\" xmlns=\"http:\/\/www.w3.org\/2000\/svg\"><path d=\"M571 393Q571 407 561 418L311 668Q300 679 286 679T261 668L11 418Q0 407 0 393T11 368 36 357H536Q550 357 561 368T571 393Z\"><\/path><\/svg>\t\t\t<\/div>\n\t\t\t<select name=\"form_fields[field_435444d]\" id=\"form-field-field_435444d\" class=\"elementor-field-textual elementor-size-md\">\n\t\t\t\t\t\t\t\t\t<option value=\"Book a Strategy Session\">A k\u00f6nyv egy Strat\u00e9giai megbesz\u00e9l\u00e9s<\/option>\n\t\t\t\t\t\t\t\t\t<option value=\"Request Speaking Engagement\">K\u00e9relem El\u0151ad\u00e1sa<\/option>\n\t\t\t\t\t\t\t\t\t<option value=\"Schedule Team Assessment\">Menetrend Csapat \u00c9rt\u00e9kel\u00e9s<\/option>\n\t\t\t\t\t\t\t\t\t<option value=\"General Inquiries\">\u00c1ltal\u00e1nos K\u00e9rd\u00e9sek<\/option>\n\t\t\t\t\t\t\t<\/select>\n\t\t<\/div>\n\t\t\t\t\t\t<\/div>\n\t\t\t\t\t\t\t\t<div class=\"elementor-field-type-textarea elementor-field-group elementor-column elementor-field-group-message elementor-col-100\">\n\t\t\t\t\t\t\t\t\t\t\t\t<label for=\"form-field-message\" class=\"elementor-field-label\">\n\t\t\t\t\t\t\t\tEgy\u00e9b \u00dczenet\t\t\t\t\t\t\t<\/label>\n\t\t\t\t\t\t<textarea class=\"elementor-field-textual elementor-field  elementor-size-md\" name=\"form_fields[message]\" id=\"form-field-message\" rows=\"4\"><\/textarea>\t\t\t\t<\/div>\n\t\t\t\t\t\t\t\t<div class=\"elementor-field-group elementor-column elementor-field-type-submit elementor-col-100 e-form__buttons\">\n\t\t\t\t\t<button class=\"elementor-button elementor-size-lg\" type=\"submit\">\n\t\t\t\t\t\t<span class=\"elementor-button-content-wrapper\">\n\t\t\t\t\t\t\t\t\t\t\t\t\t\t\t\t\t\t\t\t\t\t<span class=\"elementor-button-text\">A K\u00f6nyv Egy Ingyenes \u00dcl\u00e9s<\/span>\n\t\t\t\t\t\t\t\t\t\t\t\t\t<\/span>\n\t\t\t\t\t<\/button>\n\t\t\t\t<\/div>\n\t\t\t<\/div>\n\t\t<input type=\"hidden\" name=\"trp-form-language\" value=\"hu\"\/><\/form>\n\t\t\t\t\t\t<\/div>\n\t\t\t\t<\/div>\n\t\t\t\t<\/div>\n\t\t\t\t<\/div>\n\t\t\t\t\t<\/div>\n\t\t\t\t<\/div>\n\t\t<div class=\"elementor-element elementor-element-562b801 e-flex e-con-boxed e-con e-parent\" data-id=\"562b801\" data-element_type=\"container\" data-e-type=\"container\">\n\t\t\t\t\t<div class=\"e-con-inner\">\n\t\t<div class=\"elementor-element elementor-element-077ffc0 e-con-full e-flex e-con e-child\" data-id=\"077ffc0\" data-element_type=\"container\" data-e-type=\"container\">\n\t\t\t\t<div class=\"elementor-element elementor-element-04b8fe2 elementor-widget-divider--view-line elementor-invisible elementor-widget elementor-widget-divider\" data-id=\"04b8fe2\" data-element_type=\"widget\" data-e-type=\"widget\" data-settings=\"{&quot;_animation&quot;:&quot;fadeInUp&quot;}\" data-widget_type=\"divider.default\">\n\t\t\t\t<div class=\"elementor-widget-container\">\n\t\t\t\t\t\t\t<div class=\"elementor-divider\">\n\t\t\t<span class=\"elementor-divider-separator\">\n\t\t\t\t\t\t<\/span>\n\t\t<\/div>\n\t\t\t\t\t\t<\/div>\n\t\t\t\t<\/div>\n\t\t\t\t<div class=\"elementor-element elementor-element-4ba6347 elementor-widget__width-initial elementor-invisible elementor-widget elementor-widget-text-editor\" data-id=\"4ba6347\" data-element_type=\"widget\" data-e-type=\"widget\" data-settings=\"{&quot;_animation&quot;:&quot;slideInRight&quot;}\" data-widget_type=\"text-editor.default\">\n\t\t\t\t<div class=\"elementor-widget-container\">\n\t\t\t\t\t\t\t\t\t<p>&#034;Az igazi vezet\u0151 nem arr\u00f3l sz\u00f3l, hogy minden v\u00e1lasz \u2013 hanem arr\u00f3l, hogy a helyes k\u00e9rd\u00e9st feltenni, k\u00f6r\u00fclvenni magad b\u00e1tor partnerek, valamint a m\u00e9r\u00e9si halad\u00e1s transzform\u00e1ci\u00f3k \u2013 nem csak tranzakci\u00f3k.&#034;\u00a0<\/p>\t\t\t\t\t\t\t\t<\/div>\n\t\t\t\t<\/div>\n\t\t\t\t<div class=\"elementor-element elementor-element-4a82b23 elementor-widget elementor-widget-text-editor\" data-id=\"4a82b23\" data-element_type=\"widget\" data-e-type=\"widget\" data-widget_type=\"text-editor.default\">\n\t\t\t\t<div class=\"elementor-widget-container\">\n\t\t\t\t\t\t\t\t\t<p><strong class=\"font-serif text-lg font-medium\">Dr. Zolnay Judit<\/strong><\/p>\t\t\t\t\t\t\t\t<\/div>\n\t\t\t\t<\/div>\n\t\t\t\t<\/div>\n\t\t\t\t\t<\/div>\n\t\t\t\t<\/div>\n\t\t<div class=\"elementor-element elementor-element-9fac633 e-flex e-con-boxed elementor-invisible e-con e-parent\" data-id=\"9fac633\" data-element_type=\"container\" data-e-type=\"container\" data-settings=\"{&quot;background_background&quot;:&quot;classic&quot;,&quot;animation&quot;:&quot;fadeIn&quot;}\">\n\t\t\t\t\t<div class=\"e-con-inner\">\n\t\t<div class=\"elementor-element elementor-element-7c94fe9 e-con-full e-flex e-con e-child\" data-id=\"7c94fe9\" data-element_type=\"container\" data-e-type=\"container\">\n\t\t\t\t<div class=\"elementor-element elementor-element-4579352 elementor-invisible elementor-widget elementor-widget-heading\" data-id=\"4579352\" data-element_type=\"widget\" data-e-type=\"widget\" data-settings=\"{&quot;_animation&quot;:&quot;fadeInUp&quot;,&quot;_animation_delay&quot;:&quot;300&quot;}\" data-widget_type=\"heading.default\">\n\t\t\t\t<div class=\"elementor-widget-container\">\n\t\t\t\t\t<h3 class=\"elementor-heading-title elementor-size-default\">Szolg\u00e1ltat\u00e1sok<\/h3>\t\t\t\t<\/div>\n\t\t\t\t<\/div>\n\t\t\t\t<div class=\"elementor-element elementor-element-1e2d2a6 elementor-widget__width-auto elementor-invisible elementor-widget elementor-widget-heading\" data-id=\"1e2d2a6\" data-element_type=\"widget\" data-e-type=\"widget\" data-settings=\"{&quot;_animation&quot;:&quot;fadeInUp&quot;}\" data-widget_type=\"heading.default\">\n\t\t\t\t<div class=\"elementor-widget-container\">\n\t\t\t\t\t<h2 class=\"elementor-heading-title elementor-size-default\">Szolg\u00e1ltat\u00e1sok<\/h2>\t\t\t\t<\/div>\n\t\t\t\t<\/div>\n\t\t\t\t<div class=\"elementor-element elementor-element-44beb9b elementor-widget__width-initial elementor-invisible elementor-widget elementor-widget-text-editor\" data-id=\"44beb9b\" data-element_type=\"widget\" data-e-type=\"widget\" data-settings=\"{&quot;_animation&quot;:&quot;fadeInUp&quot;,&quot;_animation_delay&quot;:&quot;300&quot;}\" data-widget_type=\"text-editor.default\">\n\t\t\t\t<div class=\"elementor-widget-container\">\n\t\t\t\t\t\t\t\t\t<p class=\"p1\">Fedezze fel szak\u00e9rt\u0151 \u00e1ltal vez\u00e9relt szolg\u00e1ltat\u00e1sainkat, amelyek c\u00e9lja vezet\u0151i szerep\u00e9nek \u00e9s \u00fczleti strat\u00e9gi\u00e1j\u00e1nak emel\u00e9se. Haszn\u00e1lja ki teljes potenci\u00e1lj\u00e1t \u2013 fedezze fel, hogyan seg\u00edthet\u00fcnk m\u00e9g ma!<\/p>\t\t\t\t\t\t\t\t<\/div>\n\t\t\t\t<\/div>\n\t\t<div class=\"elementor-element elementor-element-755ea1f e-con-full e-flex e-con e-child\" data-id=\"755ea1f\" data-element_type=\"container\" data-e-type=\"container\">\n\t\t\t\t<div class=\"elementor-element elementor-element-59ffd67 elementor-mobile-align-justify elementor-widget elementor-widget-button\" data-id=\"59ffd67\" data-element_type=\"widget\" data-e-type=\"widget\" data-widget_type=\"button.default\">\n\t\t\t\t<div class=\"elementor-widget-container\">\n\t\t\t\t\t\t\t\t\t<div class=\"elementor-button-wrapper\">\n\t\t\t\t\t<a class=\"elementor-button elementor-button-link elementor-size-sm\" href=\"https:\/\/zolnay.anagadev.com\/hu\/services\/\">\n\t\t\t\t\t\t<span class=\"elementor-button-content-wrapper\">\n\t\t\t\t\t\t\t\t\t<span class=\"elementor-button-text\">Learn more<\/span>\n\t\t\t\t\t<\/span>\n\t\t\t\t\t<\/a>\n\t\t\t\t<\/div>\n\t\t\t\t\t\t\t\t<\/div>\n\t\t\t\t<\/div>\n\t\t\t\t<\/div>\n\t\t\t\t<\/div>\n\t\t\t\t\t<\/div>\n\t\t\t\t<\/div>\n\t\t\t\t<\/div>","protected":false},"excerpt":{"rendered":"<p>Contact Start here Follow these key steps to unlock your path to success\u2014where strategy, consistency, and execution make all the difference. If you have any questions or need expert guidance, don\u2019t hesitate to get in touch. Contact us today and let\u2019s start building your success together! &#8220;True leadership isn\u2019t about having all the answers \u2013 [&hellip;]<\/p>","protected":false},"author":1,"featured_media":0,"parent":0,"menu_order":0,"comment_status":"closed","ping_status":"closed","template":"elementor_header_footer","meta":{"footnotes":""},"class_list":["post-588","page","type-page","status-publish","hentry"],"yoast_head":"<!-- This site is optimized with the Yoast SEO Premium plugin v26.2 (Yoast SEO v24.7) - https:\/\/yoast.com\/wordpress\/plugins\/seo\/ -->\n<title>Contact | \u2013 Get in touch and Let\u2019s Build Your Success Together!<\/title>\n<meta name=\"description\" content=\"Have questions or ready to take the next step? Contact us today and discover how strategy and execution can unlock your path to success.\" \/>\n<meta name=\"robots\" content=\"index, follow, max-snippet:-1, max-image-preview:large, max-video-preview:-1\" \/>\n<link rel=\"canonical\" href=\"https:\/\/zolnay.anagadev.com\/hu\/contact\/\" \/>\n<meta property=\"og:locale\" content=\"hu_HU\" \/>\n<meta property=\"og:type\" content=\"article\" \/>\n<meta property=\"og:title\" content=\"Contact | \u2013 Get in touch and Let\u2019s Build Your Success Together!\" \/>\n<meta property=\"og:description\" content=\"Have questions or ready to take the next step? Contact us today and discover how strategy and execution can unlock your path to success.\" \/>\n<meta property=\"og:url\" content=\"https:\/\/zolnay.anagadev.com\/hu\/contact\/\" \/>\n<meta property=\"og:site_name\" content=\"zolnay.anagadev.com\" \/>\n<meta property=\"article:modified_time\" content=\"2025-03-19T06:38:07+00:00\" \/>\n<meta name=\"twitter:card\" content=\"summary_large_image\" \/>\n<meta name=\"twitter:label1\" content=\"Becs\u00fclt olvas\u00e1si id\u0151\" \/>\n\t<meta name=\"twitter:data1\" content=\"1 perc\" \/>\n<script type=\"application\/ld+json\" class=\"yoast-schema-graph\">{\"@context\":\"https:\/\/schema.org\",\"@graph\":[{\"@type\":\"WebPage\",\"@id\":\"https:\/\/zolnay.anagadev.com\/contact\/\",\"url\":\"https:\/\/zolnay.anagadev.com\/contact\/\",\"name\":\"Contact | \u2013 Get in touch and Let\u2019s Build Your Success Together!\",\"isPartOf\":{\"@id\":\"https:\/\/zolnay.anagadev.com\/#website\"},\"datePublished\":\"2025-03-19T02:58:12+00:00\",\"dateModified\":\"2025-03-19T06:38:07+00:00\",\"description\":\"Have questions or ready to take the next step? Contact us today and discover how strategy and execution can unlock your path to success.\",\"breadcrumb\":{\"@id\":\"https:\/\/zolnay.anagadev.com\/contact\/#breadcrumb\"},\"inLanguage\":\"hu\",\"potentialAction\":[{\"@type\":\"ReadAction\",\"target\":[\"https:\/\/zolnay.anagadev.com\/contact\/\"]}]},{\"@type\":\"BreadcrumbList\",\"@id\":\"https:\/\/zolnay.anagadev.com\/contact\/#breadcrumb\",\"itemListElement\":[{\"@type\":\"ListItem\",\"position\":1,\"name\":\"Home\",\"item\":\"https:\/\/zolnay.anagadev.com\/\"},{\"@type\":\"ListItem\",\"position\":2,\"name\":\"Contact\"}]},{\"@type\":\"WebSite\",\"@id\":\"https:\/\/zolnay.anagadev.com\/#website\",\"url\":\"https:\/\/zolnay.anagadev.com\/\",\"name\":\"zolnay.anagadev.com\",\"description\":\"\",\"publisher\":{\"@id\":\"https:\/\/zolnay.anagadev.com\/#\/schema\/person\/dd78db7427d15040e6ee6b7f53b13f6e\"},\"potentialAction\":[{\"@type\":\"SearchAction\",\"target\":{\"@type\":\"EntryPoint\",\"urlTemplate\":\"https:\/\/zolnay.anagadev.com\/?s={search_term_string}\"},\"query-input\":{\"@type\":\"PropertyValueSpecification\",\"valueRequired\":true,\"valueName\":\"search_term_string\"}}],\"inLanguage\":\"hu\"},{\"@type\":[\"Person\",\"Organization\"],\"@id\":\"https:\/\/zolnay.anagadev.com\/#\/schema\/person\/dd78db7427d15040e6ee6b7f53b13f6e\",\"name\":\"anagasoftwarekft@gmail.com\",\"image\":{\"@type\":\"ImageObject\",\"inLanguage\":\"hu\",\"@id\":\"https:\/\/zolnay.anagadev.com\/#\/schema\/person\/image\/\",\"url\":\"https:\/\/zolnay.anagadev.com\/wp-content\/uploads\/2025\/03\/Asset-4@3x.png\",\"contentUrl\":\"https:\/\/zolnay.anagadev.com\/wp-content\/uploads\/2025\/03\/Asset-4@3x.png\",\"width\":3479,\"height\":1211,\"caption\":\"anagasoftwarekft@gmail.com\"},\"logo\":{\"@id\":\"https:\/\/zolnay.anagadev.com\/#\/schema\/person\/image\/\"},\"sameAs\":[\"http:\/\/zolnay.anagadev.com\"]}]}<\/script>\n<!-- \/ Yoast SEO Premium plugin. -->","yoast_head_json":{"title":"Contact | \u2013 Get in touch and Let\u2019s Build Your Success Together!","description":"Have questions or ready to take the next step? Contact us today and discover how strategy and execution can unlock your path to success.","robots":{"index":"index","follow":"follow","max-snippet":"max-snippet:-1","max-image-preview":"max-image-preview:large","max-video-preview":"max-video-preview:-1"},"canonical":"https:\/\/zolnay.anagadev.com\/hu\/contact\/","og_locale":"hu_HU","og_type":"article","og_title":"Contact | \u2013 Get in touch and Let\u2019s Build Your Success Together!","og_description":"Have questions or ready to take the next step? Contact us today and discover how strategy and execution can unlock your path to success.","og_url":"https:\/\/zolnay.anagadev.com\/hu\/contact\/","og_site_name":"zolnay.anagadev.com","article_modified_time":"2025-03-19T06:38:07+00:00","twitter_card":"summary_large_image","twitter_misc":{"Becs\u00fclt olvas\u00e1si id\u0151":"1 perc"},"schema":{"@context":"https:\/\/schema.org","@graph":[{"@type":"WebPage","@id":"https:\/\/zolnay.anagadev.com\/contact\/","url":"https:\/\/zolnay.anagadev.com\/contact\/","name":"Contact | \u2013 Get in touch and Let\u2019s Build Your Success Together!","isPartOf":{"@id":"https:\/\/zolnay.anagadev.com\/#website"},"datePublished":"2025-03-19T02:58:12+00:00","dateModified":"2025-03-19T06:38:07+00:00","description":"Have questions or ready to take the next step? Contact us today and discover how strategy and execution can unlock your path to success.","breadcrumb":{"@id":"https:\/\/zolnay.anagadev.com\/contact\/#breadcrumb"},"inLanguage":"hu","potentialAction":[{"@type":"ReadAction","target":["https:\/\/zolnay.anagadev.com\/contact\/"]}]},{"@type":"BreadcrumbList","@id":"https:\/\/zolnay.anagadev.com\/contact\/#breadcrumb","itemListElement":[{"@type":"ListItem","position":1,"name":"Home","item":"https:\/\/zolnay.anagadev.com\/"},{"@type":"ListItem","position":2,"name":"Contact"}]},{"@type":"WebSite","@id":"https:\/\/zolnay.anagadev.com\/#website","url":"https:\/\/zolnay.anagadev.com\/","name":"zolnay.anagadev.com","description":"","publisher":{"@id":"https:\/\/zolnay.anagadev.com\/#\/schema\/person\/dd78db7427d15040e6ee6b7f53b13f6e"},"potentialAction":[{"@type":"SearchAction","target":{"@type":"EntryPoint","urlTemplate":"https:\/\/zolnay.anagadev.com\/?s={search_term_string}"},"query-input":{"@type":"PropertyValueSpecification","valueRequired":true,"valueName":"search_term_string"}}],"inLanguage":"hu"},{"@type":["Person","Organization"],"@id":"https:\/\/zolnay.anagadev.com\/#\/schema\/person\/dd78db7427d15040e6ee6b7f53b13f6e","name":"anagasoftwarekft@gmail.com","image":{"@type":"ImageObject","inLanguage":"hu","@id":"https:\/\/zolnay.anagadev.com\/#\/schema\/person\/image\/","url":"https:\/\/zolnay.anagadev.com\/wp-content\/uploads\/2025\/03\/Asset-4@3x.png","contentUrl":"https:\/\/zolnay.anagadev.com\/wp-content\/uploads\/2025\/03\/Asset-4@3x.png","width":3479,"height":1211,"caption":"anagasoftwarekft@gmail.com"},"logo":{"@id":"https:\/\/zolnay.anagadev.com\/#\/schema\/person\/image\/"},"sameAs":["http:\/\/zolnay.anagadev.com"]}]}},"_links":{"self":[{"href":"https:\/\/zolnay.anagadev.com\/hu\/wp-json\/wp\/v2\/pages\/588","targetHints":{"allow":["GET"]}}],"collection":[{"href":"https:\/\/zolnay.anagadev.com\/hu\/wp-json\/wp\/v2\/pages"}],"about":[{"href":"https:\/\/zolnay.anagadev.com\/hu\/wp-json\/wp\/v2\/types\/page"}],"author":[{"embeddable":true,"href":"https:\/\/zolnay.anagadev.com\/hu\/wp-json\/wp\/v2\/users\/1"}],"replies":[{"embeddable":true,"href":"https:\/\/zolnay.anagadev.com\/hu\/wp-json\/wp\/v2\/comments?post=588"}],"version-history":[{"count":73,"href":"https:\/\/zolnay.anagadev.com\/hu\/wp-json\/wp\/v2\/pages\/588\/revisions"}],"predecessor-version":[{"id":1002,"href":"https:\/\/zolnay.anagadev.com\/hu\/wp-json\/wp\/v2\/pages\/588\/revisions\/1002"}],"wp:attachment":[{"href":"https:\/\/zolnay.anagadev.com\/hu\/wp-json\/wp\/v2\/media?parent=588"}],"curies":[{"name":"wp","href":"https:\/\/api.w.org\/{rel}","templated":true}]}}